{"id":1269,"date":"2024-11-25T16:23:22","date_gmt":"2024-11-25T21:23:22","guid":{"rendered":"https:\/\/decarbonizebuildings.ca\/?page_id=1269"},"modified":"2024-11-29T17:56:55","modified_gmt":"2024-11-29T22:56:55","slug":"about-the-authors","status":"publish","type":"page","link":"https:\/\/decarbonizebuildings.ca\/fr\/about-the-authors\/","title":{"rendered":"\u00c0 propos des auteurs"},"content":{"rendered":"<p>[et_pb_section fb_built=&#8221;1&#8243; custom_padding_last_edited=&#8221;on|phone&#8221; _builder_version=&#8221;4.27.4&#8243; _module_preset=&#8221;default&#8221; background_enable_color=&#8221;off&#8221; background_image=&#8221;https:\/\/decarbonizebuildings.ca\/wp-content\/uploads\/cloud-bg.jpg&#8221; background_enable_video_mp4=&#8221;off&#8221; custom_padding=&#8221;200px||100px||false|false&#8221; custom_padding_tablet=&#8221;50px||||false|false&#8221; custom_padding_phone=&#8221;||||false|false&#8221; custom_css_after=&#8221;content:&#8221;;||display:block;||position:absolute;||width:50%;||height: 35px;||background-color: #ffc000;||right:0;||bottom:0;||&#8221; global_colors_info=&#8221;{%22gcid-a82d55f9-ef67-4ff3-b80a-c8808c0a4c3c%22:%91%22background_color%22%93}&#8221; custom_css_after_last_edited=&#8221;on|tablet&#8221; custom_css_after_tablet=&#8221;content:&#8221;;||display:block;||position:absolute;||width:100%;||height: 35px;||background-color: #ffc000;||right:0;||bottom:0;||&#8221; custom_css_after_phone=&#8221;content:&#8221;;||display:block;||position:absolute;||width:100%;||height: 35px;||background-color: #ffc000;||right:0;||bottom:0;||&#8221;][et_pb_row custom_padding_last_edited=&#8221;on|tablet&#8221; _builder_version=&#8221;4.27.3&#8243; _module_preset=&#8221;default&#8221; custom_padding_tablet=&#8221;||0px||false|false&#8221; custom_padding_phone=&#8221;||0px||false|false&#8221; global_colors_info=&#8221;{}&#8221;][et_pb_column type=&#8221;4_4&#8243; _builder_version=&#8221;4.27.3&#8243; _module_preset=&#8221;default&#8221; global_colors_info=&#8221;{}&#8221;][et_pb_text _builder_version=&#8221;4.27.4&#8243; _module_preset=&#8221;default&#8221; header_font=&#8221;|700||on|||||&#8221; background_layout=&#8221;dark&#8221; max_width=&#8221;1200px&#8221; global_colors_info=&#8221;{}&#8221;]<\/p>\n<h1>\u00c0 propos des auteurs<\/h1>\n<p>[\/et_pb_text][\/et_pb_column][\/et_pb_row][et_pb_row column_structure=&#8221;1_2,1_2&#8243; _builder_version=&#8221;4.27.3&#8243; _module_preset=&#8221;default&#8221; global_colors_info=&#8221;{}&#8221;][et_pb_column type=&#8221;1_2&#8243; _builder_version=&#8221;4.27.3&#8243; _module_preset=&#8221;default&#8221; global_colors_info=&#8221;{}&#8221;][\/et_pb_column][et_pb_column type=&#8221;1_2&#8243; module_class=&#8221;inline-block-column&#8221; _builder_version=&#8221;4.27.3&#8243; _module_preset=&#8221;default&#8221; global_colors_info=&#8221;{}&#8221;][et_pb_text _builder_version=&#8221;4.27.3&#8243; _module_preset=&#8221;default&#8221; header_2_font=&#8221;|||on|||||&#8221; header_2_font_size=&#8221;40px&#8221; background_layout=&#8221;dark&#8221; max_width=&#8221;450px&#8221; max_width_tablet=&#8221;100%&#8221; max_width_phone=&#8221;100%&#8221; max_width_last_edited=&#8221;on|tablet&#8221; header_2_font_size_tablet=&#8221;40px&#8221; header_2_font_size_phone=&#8221;24px&#8221; header_2_font_size_last_edited=&#8221;on|phone&#8221; global_colors_info=&#8221;{}&#8221;]<\/p>\n<h2>Faire progresser les efforts de d\u00e9carbonation dans le secteur canadien du b\u00e2timent<\/h2>\n<p>[\/et_pb_text][\/et_pb_column][\/et_pb_row][\/et_pb_section][et_pb_section fb_built=&#8221;1&#8243; custom_padding_last_edited=&#8221;on|tablet&#8221; _builder_version=&#8221;4.27.4&#8243; _module_preset=&#8221;default&#8221; background_color=&#8221;gcid-fdbe85ee-c8db-45e5-82ef-a72be2dfa6e0&#8243; custom_padding=&#8221;100px||100px||true|false&#8221; custom_padding_tablet=&#8221;50px||50px||true|false&#8221; custom_padding_phone=&#8221;50px||50px||true|false&#8221; hover_enabled=&#8221;0&#8243; global_colors_info=&#8221;{%22gcid-fdbe85ee-c8db-45e5-82ef-a72be2dfa6e0%22:%91%22background_color%22%93}&#8221; module_class=&#8221;intro-text&#8221; sticky_enabled=&#8221;0&#8243;][et_pb_row _builder_version=&#8221;4.27.3&#8243; _module_preset=&#8221;default&#8221; global_colors_info=&#8221;{}&#8221;][et_pb_column type=&#8221;4_4&#8243; _builder_version=&#8221;4.27.3&#8243; _module_preset=&#8221;default&#8221; global_colors_info=&#8221;{}&#8221;][et_pb_text _builder_version=&#8221;4.27.4&#8243; _module_preset=&#8221;default&#8221; background_layout=&#8221;dark&#8221; hover_enabled=&#8221;0&#8243; text_orientation_tablet=&#8221;left&#8221; text_orientation_phone=&#8221;left&#8221; text_orientation_last_edited=&#8221;off|phone&#8221; global_colors_info=&#8221;{}&#8221; sticky_enabled=&#8221;0&#8243;]<\/p>\n<p>\u00c0 l\u2019\u00e9t\u00e9 et \u00e0 l\u2019automne de 2024, nous avons r\u00e9uni un grand groupe de propri\u00e9taires de b\u00e2timents et d\u2019investisseurs canadiens par le biais d\u2019entrevues, de sondages et de tables rondes pour r\u00e9fl\u00e9chir aux obstacles \u00e0 la d\u00e9carbonation et aux solutions permettant de relever ce d\u00e9fi.<\/p>\n<p>Il en est r\u00e9sult\u00e9 la liste la plus compl\u00e8te des obstacles \u00e0 la d\u00e9carbonation auxquels est confront\u00e9e l\u2019industrie de l\u2019immobilier commercial au pays, ainsi que dix recommandations r\u00e9alisables pour les lever. Ces recommandations reconnaissent l\u2019\u00e9quilibre d\u00e9licat entre les comp\u00e9tences f\u00e9d\u00e9rales, provinciales et municipales, les budgets serr\u00e9s des gouvernements et de l\u2019industrie, ainsi que les multiples priorit\u00e9s concurrentes.<\/p>\n<p>Les dirigeants continueront de naviguer dans les incertitudes actuelles et de trouver leur voie pour contourner ou franchir les obstacles, mais il est essentiel que tous les ordres de gouvernement, les soci\u00e9t\u00e9s de services publics, les professionnels de l\u2019\u00e9valuation, les institutions financi\u00e8res et l\u2019industrie elle-m\u00eame prennent des mesures audacieuses pour acc\u00e9l\u00e9rer et intensifier la d\u00e9carbonation des b\u00e2timents commerciaux et institutionnels du Canada.<\/p>\n<p>[\/et_pb_text][\/et_pb_column][\/et_pb_row][\/et_pb_section][et_pb_section fb_built=&#8221;1&#8243; custom_padding_last_edited=&#8221;on|tablet&#8221; _builder_version=&#8221;4.27.4&#8243; _module_preset=&#8221;default&#8221; background_color=&#8221;gcid-3764d6f7-46f7-4be0-bcfb-f415a87174ff&#8221; custom_padding=&#8221;100px||100px||true|false&#8221; custom_padding_tablet=&#8221;50px||50px||true|false&#8221; custom_padding_phone=&#8221;50px||50px||true|false&#8221; hover_enabled=&#8221;0&#8243; locked=&#8221;off&#8221; global_colors_info=&#8221;{%22gcid-3764d6f7-46f7-4be0-bcfb-f415a87174ff%22:%91%22background_color%22%93}&#8221; module_class=&#8221;body-text&#8221; sticky_enabled=&#8221;0&#8243;][et_pb_row _builder_version=&#8221;4.27.3&#8243; _module_preset=&#8221;default&#8221; global_colors_info=&#8221;{}&#8221;][et_pb_column type=&#8221;4_4&#8243; _builder_version=&#8221;4.27.3&#8243; _module_preset=&#8221;default&#8221; global_colors_info=&#8221;{}&#8221;][et_pb_image src=&#8221;https:\/\/decarbonizebuildings.ca\/wp-content\/uploads\/realpac-1.svg&#8221; title_text=&#8221;realpac&#8221; url=&#8221;https:\/\/realpac.ca\/&#8221; url_new_window=&#8221;on&#8221; _builder_version=&#8221;4.27.4&#8243; _module_preset=&#8221;default&#8221; max_width=&#8221;250px&#8221; module_alignment=&#8221;center&#8221; custom_margin=&#8221;||42px||false|false&#8221; filter_brightness=&#8221;0%&#8221; filter_contrast=&#8221;20%&#8221; hover_enabled=&#8221;0&#8243; global_colors_info=&#8221;{}&#8221; max_width_last_edited=&#8221;on|tablet&#8221; sticky_enabled=&#8221;0&#8243; max_width_tablet=&#8221;200px&#8221; max_width_phone=&#8221;150px&#8221;][\/et_pb_image][et_pb_text _builder_version=&#8221;4.27.4&#8243; _module_preset=&#8221;default&#8221; text_text_color=&#8221;gcid-body-color&#8221; background_layout=&#8221;dark&#8221; max_width=&#8221;850px&#8221; module_alignment=&#8221;center&#8221; hover_enabled=&#8221;0&#8243; text_orientation_tablet=&#8221;left&#8221; text_orientation_phone=&#8221;left&#8221; text_orientation_last_edited=&#8221;off|phone&#8221; global_colors_info=&#8221;{%22gcid-body-color%22:%91%22text_text_color%22%93}&#8221; sticky_enabled=&#8221;0&#8243;]<\/p>\n<p>REALPAC est la principale association nationale d\u00e9di\u00e9e \u00e0 la promotion de la vitalit\u00e9 \u00e0 long terme du secteur immobilier du Canada. Ses plus de 130 soci\u00e9t\u00e9s membres repr\u00e9sentent plus de 1 billion d\u2019actifs sous gestion dans toutes les cat\u00e9gories d\u2019actifs au Canada \u2013 bureaux, commerces de d\u00e9tail, industries, appartements, h\u00f4tels, r\u00e9sidences pour personnes \u00e2g\u00e9es. Ensemble, nous contribuons \u00e0 hauteur de pr\u00e8s de 150 milliards de dollars au PIB dans l\u2019\u00e9conomie canadienne et nous cr\u00e9ons plus de 1 million d\u2019emplois.<\/p>\n<p>[\/et_pb_text][\/et_pb_column][\/et_pb_row][\/et_pb_section][et_pb_section fb_built=&#8221;1&#8243; custom_padding_last_edited=&#8221;on|tablet&#8221; _builder_version=&#8221;4.27.4&#8243; _module_preset=&#8221;default&#8221; background_color=&#8221;gcid-b222ddc8-4712-43f2-89d9-0f53e52270e0&#8243; custom_padding=&#8221;100px||100px||true|false&#8221; custom_padding_tablet=&#8221;50px||50px||true|false&#8221; custom_padding_phone=&#8221;50px||50px||true|false&#8221; hover_enabled=&#8221;0&#8243; locked=&#8221;off&#8221; global_colors_info=&#8221;{%22gcid-b222ddc8-4712-43f2-89d9-0f53e52270e0%22:%91%22background_color%22%93}&#8221; module_class=&#8221;body-text&#8221; sticky_enabled=&#8221;0&#8243;][et_pb_row _builder_version=&#8221;4.27.3&#8243; _module_preset=&#8221;default&#8221; global_colors_info=&#8221;{}&#8221;][et_pb_column type=&#8221;4_4&#8243; _builder_version=&#8221;4.27.3&#8243; _module_preset=&#8221;default&#8221; global_colors_info=&#8221;{}&#8221;][et_pb_image src=&#8221;https:\/\/decarbonizebuildings.ca\/wp-content\/uploads\/place-centre-logo-1.svg&#8221; title_text=&#8221;place-centre-logo&#8221; url=&#8221;https:\/\/placecentre.smartprosperity.ca\/&#8221; url_new_window=&#8221;on&#8221; _builder_version=&#8221;4.27.4&#8243; _module_preset=&#8221;default&#8221; max_width=&#8221;350px&#8221; module_alignment=&#8221;center&#8221; custom_margin=&#8221;||42px||false|false&#8221; filter_brightness=&#8221;0%&#8221; filter_contrast=&#8221;20%&#8221; hover_enabled=&#8221;0&#8243; global_colors_info=&#8221;{}&#8221; max_width_last_edited=&#8221;on|tablet&#8221; sticky_enabled=&#8221;0&#8243; max_width_tablet=&#8221;280px&#8221; max_width_phone=&#8221;280px&#8221;][\/et_pb_image][et_pb_text _builder_version=&#8221;4.27.4&#8243; _module_preset=&#8221;default&#8221; text_text_color=&#8221;gcid-body-color&#8221; background_layout=&#8221;dark&#8221; max_width=&#8221;850px&#8221; module_alignment=&#8221;center&#8221; hover_enabled=&#8221;0&#8243; global_colors_info=&#8221;{%22gcid-body-color%22:%91%22text_text_color%22,%22text_text_color%22%93}&#8221; sticky_enabled=&#8221;0&#8243;]<\/p>\n<p>Le PLACE Centre, acronyme de Propelling Locally Accelerated Clean met l\u2019accent sur les d\u00e9fis complexes de la croissance \u00e9conomique propre dans les collectivit\u00e9s canadiennes. Il se concentre sur la cr\u00e9ation de collectivit\u00e9s accessibles qui r\u00e9pondent aux besoins de toutes les personnes, de neuf \u00e0 quatre-vingt-dix ans et qui sont abordables afin que tout le monde ait un domicile et puisse le chauffer et mettre de la nourriture sur la table; et de collectivit\u00e9s qui aideront le Canada \u00e0 atteindre ses objectifs climatiques de carboneutralit\u00e9 d\u2019ici 2050.<\/p>\n<p>[\/et_pb_text][\/et_pb_column][\/et_pb_row][\/et_pb_section][et_pb_section fb_built=&#8221;1&#8243; custom_padding_last_edited=&#8221;on|tablet&#8221; _builder_version=&#8221;4.27.4&#8243; _module_preset=&#8221;default&#8221; background_color=&#8221;gcid-3764d6f7-46f7-4be0-bcfb-f415a87174ff&#8221; custom_padding=&#8221;100px||100px||true|false&#8221; custom_padding_tablet=&#8221;50px||50px||true|false&#8221; custom_padding_phone=&#8221;50px||50px||true|false&#8221; hover_enabled=&#8221;0&#8243; locked=&#8221;off&#8221; global_colors_info=&#8221;{%22gcid-3764d6f7-46f7-4be0-bcfb-f415a87174ff%22:%91%22background_color%22%93}&#8221; module_class=&#8221;body-text&#8221; sticky_enabled=&#8221;0&#8243;][et_pb_row _builder_version=&#8221;4.27.3&#8243; _module_preset=&#8221;default&#8221; global_colors_info=&#8221;{}&#8221;][et_pb_column type=&#8221;4_4&#8243; _builder_version=&#8221;4.27.3&#8243; _module_preset=&#8221;default&#8221; global_colors_info=&#8221;{}&#8221;][et_pb_image src=&#8221;https:\/\/decarbonizebuildings.ca\/wp-content\/uploads\/CAGBC_Eng.svg&#8221; title_text=&#8221;CAGBC_Eng&#8221; url=&#8221;https:\/\/www.cagbc.org\/&#8221; url_new_window=&#8221;on&#8221; _builder_version=&#8221;4.27.4&#8243; _module_preset=&#8221;default&#8221; max_width=&#8221;250px&#8221; module_alignment=&#8221;center&#8221; custom_margin=&#8221;||42px||false|false&#8221; filter_brightness=&#8221;0%&#8221; filter_contrast=&#8221;20%&#8221; hover_enabled=&#8221;0&#8243; global_colors_info=&#8221;{}&#8221; max_width_last_edited=&#8221;on|tablet&#8221; sticky_enabled=&#8221;0&#8243; max_width_tablet=&#8221;200px&#8221; max_width_phone=&#8221;200px&#8221;][\/et_pb_image][et_pb_text _builder_version=&#8221;4.27.4&#8243; _module_preset=&#8221;default&#8221; text_text_color=&#8221;gcid-body-color&#8221; background_layout=&#8221;dark&#8221; max_width=&#8221;850px&#8221; module_alignment=&#8221;center&#8221; hover_enabled=&#8221;0&#8243; global_colors_info=&#8221;{%22gcid-body-color%22:%91%22text_text_color%22,%22text_text_color%22,%22text_text_color%22,%22text_text_color%22%93}&#8221; sticky_enabled=&#8221;0&#8243;]<\/p>\n<p>Le Conseil du b\u00e2timent durable du Canada (CBDCA) soutient les personnes et les entreprises qui \u0153uvrent \u00e0 la conception, \u00e0 la construction et \u00e0 l\u2019exploitation des b\u00e2timents. Nous offrons des solutions pratiques qui lib\u00e8rent la valeur des b\u00e2timents durables pour attirer les investissements, r\u00e9duire les co\u00fbts et accro\u00eetre la valeur et la r\u00e9silience des actifs. Nos recherches, notre plaidoyer, notre formation et nos produits sont essentiels pour aider le secteur du b\u00e2timent du Canada \u00e0 atteindre les objectifs d\u2019affaires, de durabilit\u00e9 et de leadership en mati\u00e8re de r\u00e9duction du carbone.<\/p>\n<p>[\/et_pb_text][\/et_pb_column][\/et_pb_row][\/et_pb_section][et_pb_section fb_built=&#8221;1&#8243; custom_padding_last_edited=&#8221;on|tablet&#8221; _builder_version=&#8221;4.27.4&#8243; _module_preset=&#8221;default&#8221; background_enable_color=&#8221;off&#8221; background_image=&#8221;https:\/\/decarbonizebuildings.ca\/wp-content\/uploads\/Clouds.jpg&#8221; custom_padding=&#8221;100px||100px||true|false&#8221; custom_padding_tablet=&#8221;100px||100px||true|false&#8221; custom_padding_phone=&#8221;50px||50px||true|false&#8221; hover_enabled=&#8221;0&#8243; locked=&#8221;off&#8221; global_colors_info=&#8221;{%22gcid-fdbe85ee-c8db-45e5-82ef-a72be2dfa6e0%22:%91%22background_color%22%93}&#8221; module_class=&#8221;intro-text&#8221; sticky_enabled=&#8221;0&#8243;][et_pb_row _builder_version=&#8221;4.27.4&#8243; _module_preset=&#8221;default&#8221; max_width=&#8221;900px&#8221; module_alignment=&#8221;center&#8221; global_colors_info=&#8221;{}&#8221;][et_pb_column type=&#8221;4_4&#8243; _builder_version=&#8221;4.27.3&#8243; _module_preset=&#8221;default&#8221; global_colors_info=&#8221;{}&#8221;][et_pb_text _builder_version=&#8221;4.27.4&#8243; _module_preset=&#8221;default&#8221; text_text_color=&#8221;gcid-body-color&#8221; text_orientation=&#8221;center&#8221; background_layout=&#8221;dark&#8221; hover_enabled=&#8221;0&#8243; text_orientation_tablet=&#8221;left&#8221; text_orientation_phone=&#8221;left&#8221; text_orientation_last_edited=&#8221;off|phone&#8221; global_colors_info=&#8221;{%22gcid-body-color%22:%91%22text_text_color%22%93}&#8221; sticky_enabled=&#8221;0&#8243;]<\/p>\n<p>Ensemble, nous pouvons att\u00e9nuer les obstacles et cr\u00e9er les conditions favorables \u00e0 l\u2019acc\u00e9l\u00e9ration de la d\u00e9carbonation des b\u00e2timents au Canada.<\/p>\n<p>[\/et_pb_text][\/et_pb_column][\/et_pb_row][\/et_pb_section]<\/p>","protected":false},"excerpt":{"rendered":"<p>About the AuthorsAdvancing decarbonization efforts in the Canadian building sectorIn the summer and fall of 2024, we brought together a large group of Canadian building owners and investors by way of interviews, surveys, and roundtable discussions to brainstorm barriers and solutions to address the decarbonization challenge. The result was the most comprehensive list of decarbonization [&hellip;]<\/p>","protected":false},"author":3,"featured_media":0,"parent":0,"menu_order":4,"comment_status":"closed","ping_status":"closed","template":"","meta":{"_et_pb_use_builder":"on","_et_pb_old_content":"","_et_gb_content_width":"","footnotes":""},"class_list":["post-1269","page","type-page","status-publish","hentry"],"yoast_head":"<!-- This site is optimized with the Yoast SEO plugin v27.4 - https:\/\/yoast.com\/product\/yoast-seo-wordpress\/ -->\n<title>About the Authors - REALPAC - Decarbonizing Canada&#039;s Commercial Buildings<\/title>\n<meta name=\"robots\" content=\"index, follow, max-snippet:-1, max-image-preview:large, max-video-preview:-1\" \/>\n<link rel=\"canonical\" href=\"https:\/\/decarbonizebuildings.ca\/fr\/about-the-authors\/\" \/>\n<meta property=\"og:locale\" content=\"fr_CA\" \/>\n<meta property=\"og:type\" content=\"article\" \/>\n<meta property=\"og:title\" content=\"About the Authors - REALPAC - Decarbonizing Canada&#039;s Commercial Buildings\" \/>\n<meta property=\"og:description\" content=\"About the AuthorsAdvancing decarbonization efforts in the Canadian building sectorIn the summer and fall of 2024, we brought together a large group of Canadian building owners and investors by way of interviews, surveys, and roundtable discussions to brainstorm barriers and solutions to address the decarbonization challenge. The result was the most comprehensive list of decarbonization [&hellip;]\" \/>\n<meta property=\"og:url\" content=\"https:\/\/decarbonizebuildings.ca\/fr\/about-the-authors\/\" \/>\n<meta property=\"og:site_name\" content=\"REALPAC - Decarbonizing Canada&#039;s Commercial Buildings\" \/>\n<meta property=\"article:modified_time\" content=\"2024-11-29T22:56:55+00:00\" \/>\n<meta name=\"twitter:card\" content=\"summary_large_image\" \/>\n<meta name=\"twitter:label1\" content=\"Estimation du temps de lecture\" \/>\n\t<meta name=\"twitter:data1\" content=\"8 minutes\" \/>\n<script type=\"application\/ld+json\" class=\"yoast-schema-graph\">{\"@context\":\"https:\\\/\\\/schema.org\",\"@graph\":[{\"@type\":\"WebPage\",\"@id\":\"https:\\\/\\\/decarbonizebuildings.ca\\\/en\\\/about-the-authors\\\/\",\"url\":\"https:\\\/\\\/decarbonizebuildings.ca\\\/en\\\/about-the-authors\\\/\",\"name\":\"About the Authors - REALPAC - Decarbonizing Canada&#039;s Commercial Buildings\",\"isPartOf\":{\"@id\":\"https:\\\/\\\/decarbonizebuildings.ca\\\/en\\\/#website\"},\"datePublished\":\"2024-11-25T21:23:22+00:00\",\"dateModified\":\"2024-11-29T22:56:55+00:00\",\"breadcrumb\":{\"@id\":\"https:\\\/\\\/decarbonizebuildings.ca\\\/en\\\/about-the-authors\\\/#breadcrumb\"},\"inLanguage\":\"fr-CA\",\"potentialAction\":[{\"@type\":\"ReadAction\",\"target\":[\"https:\\\/\\\/decarbonizebuildings.ca\\\/en\\\/about-the-authors\\\/\"]}]},{\"@type\":\"BreadcrumbList\",\"@id\":\"https:\\\/\\\/decarbonizebuildings.ca\\\/en\\\/about-the-authors\\\/#breadcrumb\",\"itemListElement\":[{\"@type\":\"ListItem\",\"position\":1,\"name\":\"Home\",\"item\":\"https:\\\/\\\/decarbonizebuildings.ca\\\/en\\\/\"},{\"@type\":\"ListItem\",\"position\":2,\"name\":\"About the Authors\"}]},{\"@type\":\"WebSite\",\"@id\":\"https:\\\/\\\/decarbonizebuildings.ca\\\/en\\\/#website\",\"url\":\"https:\\\/\\\/decarbonizebuildings.ca\\\/en\\\/\",\"name\":\"Decarbonizing Canada's Commercial Buildings\",\"description\":\"The Owner and Investor Perspective\",\"publisher\":{\"@id\":\"https:\\\/\\\/decarbonizebuildings.ca\\\/en\\\/#organization\"},\"potentialAction\":[{\"@type\":\"SearchAction\",\"target\":{\"@type\":\"EntryPoint\",\"urlTemplate\":\"https:\\\/\\\/decarbonizebuildings.ca\\\/en\\\/?s={search_term_string}\"},\"query-input\":{\"@type\":\"PropertyValueSpecification\",\"valueRequired\":true,\"valueName\":\"search_term_string\"}}],\"inLanguage\":\"fr-CA\"},{\"@type\":\"Organization\",\"@id\":\"https:\\\/\\\/decarbonizebuildings.ca\\\/en\\\/#organization\",\"name\":\"REALPAC\",\"url\":\"https:\\\/\\\/decarbonizebuildings.ca\\\/en\\\/\",\"logo\":{\"@type\":\"ImageObject\",\"inLanguage\":\"fr-CA\",\"@id\":\"https:\\\/\\\/decarbonizebuildings.ca\\\/en\\\/#\\\/schema\\\/logo\\\/image\\\/\",\"url\":\"https:\\\/\\\/decarbonizebuildings.ca\\\/wp-content\\\/uploads\\\/2024_Decarb_Buildings_Report_Social.jpg\",\"contentUrl\":\"https:\\\/\\\/decarbonizebuildings.ca\\\/wp-content\\\/uploads\\\/2024_Decarb_Buildings_Report_Social.jpg\",\"width\":2096,\"height\":1096,\"caption\":\"REALPAC\"},\"image\":{\"@id\":\"https:\\\/\\\/decarbonizebuildings.ca\\\/en\\\/#\\\/schema\\\/logo\\\/image\\\/\"}}]}<\/script>\n<!-- \/ Yoast SEO plugin. -->","yoast_head_json":{"title":"About the Authors - REALPAC - Decarbonizing Canada&#039;s Commercial Buildings","robots":{"index":"index","follow":"follow","max-snippet":"max-snippet:-1","max-image-preview":"max-image-preview:large","max-video-preview":"max-video-preview:-1"},"canonical":"https:\/\/decarbonizebuildings.ca\/fr\/about-the-authors\/","og_locale":"fr_CA","og_type":"article","og_title":"About the Authors - REALPAC - Decarbonizing Canada&#039;s Commercial Buildings","og_description":"About the AuthorsAdvancing decarbonization efforts in the Canadian building sectorIn the summer and fall of 2024, we brought together a large group of Canadian building owners and investors by way of interviews, surveys, and roundtable discussions to brainstorm barriers and solutions to address the decarbonization challenge. The result was the most comprehensive list of decarbonization [&hellip;]","og_url":"https:\/\/decarbonizebuildings.ca\/fr\/about-the-authors\/","og_site_name":"REALPAC - Decarbonizing Canada&#039;s Commercial Buildings","article_modified_time":"2024-11-29T22:56:55+00:00","twitter_card":"summary_large_image","twitter_misc":{"Estimation du temps de lecture":"8 minutes"},"schema":{"@context":"https:\/\/schema.org","@graph":[{"@type":"WebPage","@id":"https:\/\/decarbonizebuildings.ca\/en\/about-the-authors\/","url":"https:\/\/decarbonizebuildings.ca\/en\/about-the-authors\/","name":"About the Authors - REALPAC - Decarbonizing Canada&#039;s Commercial Buildings","isPartOf":{"@id":"https:\/\/decarbonizebuildings.ca\/en\/#website"},"datePublished":"2024-11-25T21:23:22+00:00","dateModified":"2024-11-29T22:56:55+00:00","breadcrumb":{"@id":"https:\/\/decarbonizebuildings.ca\/en\/about-the-authors\/#breadcrumb"},"inLanguage":"fr-CA","potentialAction":[{"@type":"ReadAction","target":["https:\/\/decarbonizebuildings.ca\/en\/about-the-authors\/"]}]},{"@type":"BreadcrumbList","@id":"https:\/\/decarbonizebuildings.ca\/en\/about-the-authors\/#breadcrumb","itemListElement":[{"@type":"ListItem","position":1,"name":"Home","item":"https:\/\/decarbonizebuildings.ca\/en\/"},{"@type":"ListItem","position":2,"name":"About the Authors"}]},{"@type":"WebSite","@id":"https:\/\/decarbonizebuildings.ca\/en\/#website","url":"https:\/\/decarbonizebuildings.ca\/en\/","name":"Decarbonizing Canada's Commercial Buildings","description":"The Owner and Investor Perspective","publisher":{"@id":"https:\/\/decarbonizebuildings.ca\/en\/#organization"},"potentialAction":[{"@type":"SearchAction","target":{"@type":"EntryPoint","urlTemplate":"https:\/\/decarbonizebuildings.ca\/en\/?s={search_term_string}"},"query-input":{"@type":"PropertyValueSpecification","valueRequired":true,"valueName":"search_term_string"}}],"inLanguage":"fr-CA"},{"@type":"Organization","@id":"https:\/\/decarbonizebuildings.ca\/en\/#organization","name":"REALPAC","url":"https:\/\/decarbonizebuildings.ca\/en\/","logo":{"@type":"ImageObject","inLanguage":"fr-CA","@id":"https:\/\/decarbonizebuildings.ca\/en\/#\/schema\/logo\/image\/","url":"https:\/\/decarbonizebuildings.ca\/wp-content\/uploads\/2024_Decarb_Buildings_Report_Social.jpg","contentUrl":"https:\/\/decarbonizebuildings.ca\/wp-content\/uploads\/2024_Decarb_Buildings_Report_Social.jpg","width":2096,"height":1096,"caption":"REALPAC"},"image":{"@id":"https:\/\/decarbonizebuildings.ca\/en\/#\/schema\/logo\/image\/"}}]}},"_links":{"self":[{"href":"https:\/\/decarbonizebuildings.ca\/fr\/wp-json\/wp\/v2\/pages\/1269","targetHints":{"allow":["GET"]}}],"collection":[{"href":"https:\/\/decarbonizebuildings.ca\/fr\/wp-json\/wp\/v2\/pages"}],"about":[{"href":"https:\/\/decarbonizebuildings.ca\/fr\/wp-json\/wp\/v2\/types\/page"}],"author":[{"embeddable":true,"href":"https:\/\/decarbonizebuildings.ca\/fr\/wp-json\/wp\/v2\/users\/3"}],"replies":[{"embeddable":true,"href":"https:\/\/decarbonizebuildings.ca\/fr\/wp-json\/wp\/v2\/comments?post=1269"}],"version-history":[{"count":19,"href":"https:\/\/decarbonizebuildings.ca\/fr\/wp-json\/wp\/v2\/pages\/1269\/revisions"}],"predecessor-version":[{"id":1791,"href":"https:\/\/decarbonizebuildings.ca\/fr\/wp-json\/wp\/v2\/pages\/1269\/revisions\/1791"}],"wp:attachment":[{"href":"https:\/\/decarbonizebuildings.ca\/fr\/wp-json\/wp\/v2\/media?parent=1269"}],"curies":[{"name":"wp","href":"https:\/\/api.w.org\/{rel}","templated":true}]}}